{"id":125,"date":"2016-04-21T17:10:02","date_gmt":"2016-04-21T15:10:02","guid":{"rendered":"http:\/\/nhp-flothmann.de\/?page_id=125"},"modified":"2016-06-15T09:14:11","modified_gmt":"2016-06-15T07:14:11","slug":"behandlungsmethoden","status":"publish","type":"page","link":"https:\/\/nhp-flothmann.de\/index.php\/ueber-mich\/behandlungsmethoden\/","title":{"rendered":"Behandlungsmethoden"},"content":{"rendered":"<p><img loading=\"lazy\" decoding=\"async\" class=\"alignnone size-large wp-image-99\" src=\"https:\/\/nhp-flothmann.de\/wp-content\/uploads\/2016\/04\/stief-1024x320.jpg\" alt=\"stief\" width=\"1024\" height=\"320\" srcset=\"https:\/\/nhp-flothmann.de\/wp-content\/uploads\/2016\/04\/stief-1024x320.jpg 1024w, https:\/\/nhp-flothmann.de\/wp-content\/uploads\/2016\/04\/stief-300x94.jpg 300w, https:\/\/nhp-flothmann.de\/wp-content\/uploads\/2016\/04\/stief-768x240.jpg 768w\" sizes=\"auto, (max-width: 1024px) 100vw, 1024px\" \/><\/p>\n<h2>Die folgenden Behandlungsmethoden werden von mir angewandt:<\/h2>\n<p>R\u00fcckenbehandlung nach Dorn Breuss<br \/>\nCranio-Sacrale Behandlung<br \/>\nHom\u00f6opathie<br \/>\nPflanzenheilkunde (Phytotherapie)<br \/>\nTypgerechte Ern\u00e4hrungsumstellung<br \/>\nCoaching<br \/>\nSch\u00fcssler Salze<br \/>\nBachbl\u00fctenessenzen<br \/>\nKinesiologie<br \/>\nImaginations- und Visualisierungstechniken<br \/>\nNaturtherapie<\/p>\n","protected":false},"excerpt":{"rendered":"<p>Die folgenden Behandlungsmethoden werden von mir angewandt: R\u00fcckenbehandlung nach Dorn Breuss Cranio-Sacrale Behandlung Hom\u00f6opathie Pflanzenheilkunde (Phytotherapie) Typgerechte Ern\u00e4hrungsumstellung Coaching Sch\u00fcssler Salze Bachbl\u00fctenessenzen Kinesiologie Imaginations- und Visualisierungstechniken Naturtherapie<\/p>\n","protected":false},"author":1,"featured_media":0,"parent":14,"menu_order":0,"comment_status":"closed","ping_status":"closed","template":"page-full-width.php","meta":{"footnotes":""},"class_list":["post-125","page","type-page","status-publish","hentry"],"_links":{"self":[{"href":"https:\/\/nhp-flothmann.de\/index.php\/wp-json\/wp\/v2\/pages\/125","targetHints":{"allow":["GET"]}}],"collection":[{"href":"https:\/\/nhp-flothmann.de\/index.php\/wp-json\/wp\/v2\/pages"}],"about":[{"href":"https:\/\/nhp-flothmann.de\/index.php\/wp-json\/wp\/v2\/types\/page"}],"author":[{"embeddable":true,"href":"https:\/\/nhp-flothmann.de\/index.php\/wp-json\/wp\/v2\/users\/1"}],"replies":[{"embeddable":true,"href":"https:\/\/nhp-flothmann.de\/index.php\/wp-json\/wp\/v2\/comments?post=125"}],"version-history":[{"count":4,"href":"https:\/\/nhp-flothmann.de\/index.php\/wp-json\/wp\/v2\/pages\/125\/revisions"}],"predecessor-version":[{"id":186,"href":"https:\/\/nhp-flothmann.de\/index.php\/wp-json\/wp\/v2\/pages\/125\/revisions\/186"}],"up":[{"embeddable":true,"href":"https:\/\/nhp-flothmann.de\/index.php\/wp-json\/wp\/v2\/pages\/14"}],"wp:attachment":[{"href":"https:\/\/nhp-flothmann.de\/index.php\/wp-json\/wp\/v2\/media?parent=125"}],"curies":[{"name":"wp","href":"https:\/\/api.w.org\/{rel}","templated":true}]}}